{"id":2761,"date":"2018-02-17T20:44:18","date_gmt":"2018-02-17T20:44:18","guid":{"rendered":"http:\/\/sksruchizdrowie.pl\/?page_id=2761"},"modified":"2019-01-03T17:33:50","modified_gmt":"2019-01-03T17:33:50","slug":"dzialalnosc-w-roku-2018","status":"publish","type":"page","link":"http:\/\/sksruchizdrowie.pl\/?page_id=2761","title":{"rendered":"Dzia\u0142alno\u015b\u0107 w roku 2018"},"content":{"rendered":"<p style=\"text-align: center;\"><strong>\u00a0\u00a0\u00a0\u00a0\u00a0 <\/strong><strong>\u00a0\u00a0<span style=\"font-size: 18pt;\">\u00a0<\/span><\/strong><span style=\"font-size: 24pt; color: #ff0000;\"><strong>Dzia\u0142alno\u015b\u0107 SKS w 2018 roku.<\/strong><\/span><\/p>\n<p><span style=\"color: #339966; font-size: 18pt;\"><strong> I\u00a0\u00a0\u00a0 Wycieczki jednodniowe<\/strong><strong>.<\/strong><\/span><\/p>\n<p>W <strong>cenie<\/strong> wycieczek<strong> jednodniowych<\/strong> : transport, przewodnicy, bilety wst\u0119pu, PZU, obiad. <strong>Wyjazd<\/strong> z przystanku przy Multikinie (Metro Imielin).<\/p>\n<ol>\n<li><strong> Kulig<\/strong> \u00a0\u00a0\u00a0\u00a0\u00a0\u00a0\u00a0\u00a0\u00a0\u00a0\u00a0\u00a0\u00a0\u00a0\u00a0\u00a0\u00a0\u00a0\u00a0\u00a0\u00a0\u00a0\u00a0\u00a0\u00a0\u00a0\u00a0\u00a0\u00a0\u00a0\u00a0\u00a0\u00a0\u00a0\u00a0\u00a0\u00a0\u00a0\u00a0\u00a0\u00a0\u00a0&#8211;<strong>\u00a0 30.01.2018\u00a0 (wtorek)\u00a0\u00a0\u00a0 <\/strong>\u00a0\u00a0\u00a0\u00a0\u00a0cena :<strong> 30 z\u0142.<\/strong><\/li>\n<li><strong> \u0141\u00f3d\u017a <\/strong>\u00a0\u00a0&#8211;<strong>\u00a0 22.02.2018\u00a0 (czwartek) <\/strong>\u00a0\u00a0\u00a0\u00a0cena :<strong> 60 z\u0142.<\/strong><\/li>\n<li><strong> Cz\u0119stochowa \u00a0\u00a0\u00a0\u00a0\u00a0\u00a0\u00a0\u00a0\u00a0\u00a0\u00a0\u00a0\u00a0\u00a0\u00a0\u00a0\u00a0\u00a0\u00a0\u00a0\u00a0\u00a0\u00a0\u00a0\u00a0\u00a0\u00a0\u00a0<\/strong>\u00a0&#8211;<strong>\u00a0 20.03.2018\u00a0 (wtorek)\u00a0\u00a0\u00a0 <\/strong>\u00a0\u00a0\u00a0\u00a0\u00a0cena : <strong>60 z\u0142.<\/strong><\/li>\n<li><strong> Sierpc <\/strong>&#8211; <strong>\u00a011.04.2018\u00a0 (\u015broda)\u00a0\u00a0\u00a0\u00a0\u00a0 <\/strong>\u00a0\u00a0\u00a0\u00a0\u00a0cena : <strong>60 z\u0142.<\/strong><\/li>\n<li><strong> Grabarka, Mielnik <\/strong>&#8211; <strong>\u00a0\u00a0\u00a08.05.2018\u00a0 (wtorek)\u00a0\u00a0\u00a0\u00a0\u00a0\u00a0 <\/strong>\u00a0\u00a0cena : <strong>60 z\u0142.<\/strong><\/li>\n<li><strong> Kazimierz Dolny, Janowiec \u00a0\u00a0\u00a0\u00a0\u00a0<\/strong>\u00a0\u00a0&#8211;\u00a0\u00a0 <strong>7.06.2018\u00a0 (czwartek)<\/strong>\u00a0\u00a0\u00a0\u00a0\u00a0 cena : <strong>60 z\u0142.<\/strong><\/li>\n<li><strong> Grzybobranie (Brok) <\/strong>\u00a0&#8211;\u00a0 <strong>16.10.2018\u00a0 (wtorek<\/strong>)\u00a0\u00a0\u00a0\u00a0\u00a0\u00a0\u00a0\u00a0 cena : <strong>40<\/strong> <strong>z\u0142.<\/strong><\/li>\n<li><strong> Kielce <\/strong>\u00a0\u00a0\u00a0&#8211;\u00a0\u00a0\u00a0 <strong>7.11.2018\u00a0\u00a0 (\u015broda)\u00a0\u00a0\u00a0\u00a0\u00a0\u00a0\u00a0\u00a0\u00a0 <\/strong>cena : <strong>\u00a060<\/strong> <strong>z\u0142.<\/strong><\/li>\n<li><strong> Uniej\u00f3w <\/strong>(baseny termalne) \u00a0\u00a0\u00a0\u00a0\u00a0\u00a0\u00a0&#8211; <strong>\u00a0\u00a06.12.2018\u00a0\u00a0 (czwartek)\u00a0\u00a0\u00a0\u00a0 <\/strong>cena : <strong>\u00a060<\/strong> <strong>z\u0142<\/strong><\/li>\n<\/ol>\n<p><span style=\"font-size: 18pt;\"><strong>\u00a0\u00a0<span style=\"color: #339966;\">I\u00a0\u00a0\u00a0 Wycieczki wielodniowe.<\/span><\/strong><\/span><\/p>\n<p><strong>\u00a0 <\/strong>W cenie wszystkich wycieczek : transport, pobyt w pokoju z \u0142azienk\u0105, wy\u017cywienie, PZU. W cenie wycieczek: \u201eNiemcy\u201d, \u201eFrombork\u201d, \u201eRoztocze\u201d tak\u017ce bilety wst\u0119pu i przewodnicy.<\/p>\n<ol>\n<li>\n<address><strong>Zakopane <\/strong>\u00a0(O.W.Kolejarz)\u00a0 <strong>20.04 \u2013 27.04. 2018\u00a0 <\/strong>cena :<strong> 680 z\u0142.\u00a0 <\/strong>B\u0119d\u0105 organizowane wycieczki.<strong>\u00a0\u00a0\u00a0\u00a0\u00a0\u00a0\u00a0\u00a0\u00a0\u00a0\u00a0\u00a0 <\/strong><\/address>\n<\/li>\n<li>\n<address><strong>\u015awinouj\u015bcie<\/strong> (O.W.Meduza)\u00a0 <strong>18.05 \u2013\u00a0 25.05.2018\u00a0 <\/strong>cena : <strong>820<\/strong> <strong>z\u0142.<\/strong>\u00a0 B\u0119d\u0105 organizowane wycieczki.<\/address>\n<\/li>\n<li><strong>Suwalszczyzna<\/strong> (opcjonalnie Wilno dodatkowo p\u0142atne ok 100z\u0142)\u00a0 <strong>13.06 \u2013\u00a0 19,06.2018\u00a0 <\/strong>cena : <strong>650<\/strong> <strong>z\u0142.<\/strong>\u00a0<em> B\u0119d\u0105 organizowane wycieczki.<\/em><\/li>\n<li>\n<address><strong> Sp\u0142yw kajakowy 26.06 &#8211; 29.06.2018<\/strong><strong>\u00a0\u00a0 <\/strong>Jezioro Omulew i okoliczne rzeki. Mieszkamy w O\u015brodku GAWRA.<\/address>\n<\/li>\n<li>\n<address><strong>Niemcy\u00a0<\/strong><strong> 26.08 \u2013\u00a0 1.09.2018<\/strong>\u00a0\u00a0\u00a0\u00a0\u00a0\u00a0 cena :\u00a0\u00a0 <strong>980 z\u0142.<\/strong>\u00a0\u00a0 Mieszkamy w Polsce.\u00a0 Zwiedzamy : Berlin, Drezno, Saksoni\u0119, Twierdz\u0119 Konigstein.<\/address>\n<\/li>\n<li>\n<address>\u00a0<strong>Frombork\u00a0 <\/strong><strong>18.09 \u2013 20.09.2018\u00a0 <\/strong>cena :<strong>\u00a0 350 z\u0142.<\/strong> Zwiedzamy :\u00a0 Frombork, Lidzbark Warmi\u0144ski, Elbl\u0105g,\u00a0\u00a0\u00a0\u00a0\u00a0\u00a0\u00a0\u00a0\u00a0\u00a0\u00a0\u00a0\u00a0\u00a0\u00a0 4-godzinny rejs Kana\u0142em Elbl\u0105skim.<\/address>\n<\/li>\n<li><strong> Roztocze\u00a0 <\/strong><strong>5.10 \u2013 11.10.2018\u00a0 <\/strong>cena : <strong>700<\/strong> <strong>z\u0142.<\/strong><strong>\u00a0 <\/strong>Zwiedzamy : Zamo\u015b\u0107, Szczebrzeszyn, Zwierzyniec.<\/li>\n<\/ol>\n<address><span style=\"font-size: 18pt;\"><em><span style=\"color: #339966;\">\u00a0<strong>III. Zaj\u0119cia ruchowe.<\/strong><\/span><\/em><\/span><\/address>\n<address>\u00a0<\/p>\n<address><span style=\"font-size: 24pt;\"> <strong><span style=\"color: #ff0000;\">Imprezy cykliczne<\/span><\/strong><\/span><\/address>\n<address><span style=\"font-size: 24pt;\"><strong><span style=\"color: #ff0000;\"><span style=\"color: #339966; font-size: 18pt;\"><b><span style=\"font-size: large;\"><span style=\"text-decoration: underline;\"><span style=\"font-size: 18pt;\">Spacery z kijkami w ka\u017cd\u0105 \u015brod\u0119<br \/>\n<\/span><\/span><\/span><\/b><\/span><\/span><\/strong><\/span><\/address>\n<address>Startujemy zawsze o 9,30 . Zbi\u00f3rka przy wyj\u015bciu z Metra &#8211; Stacja Kabaty- od strony TESCO<a href=\"http:\/\/sksruchizdrowie.pl\/wp-content\/uploads\/2017\/01\/2018-04-18-kijki.jpg\"><img loading=\"lazy\" decoding=\"async\" class=\"wp-image-2996 aligncenter\" src=\"http:\/\/sksruchizdrowie.pl\/wp-content\/uploads\/2017\/01\/2018-04-18-kijki.jpg\" alt=\"2018-04-18 kijki\" width=\"642\" height=\"361\" srcset=\"http:\/\/sksruchizdrowie.pl\/wp-content\/uploads\/2017\/01\/2018-04-18-kijki.jpg 1024w, http:\/\/sksruchizdrowie.pl\/wp-content\/uploads\/2017\/01\/2018-04-18-kijki-300x168.jpg 300w\" sizes=\"auto, (max-width: 642px) 100vw, 642px\" \/><\/a><\/address>\n<address><span style=\"font-size: 24pt;\"><strong><span style=\"color: #ff0000;\"><span style=\"color: #339966; font-size: 18pt;\"><b><span style=\"font-size: large;\"><span style=\"text-decoration: underline;\"><span style=\"font-size: 18pt;\">Wyprawy rowerowe w czwartki<\/span><\/span><\/span><\/b><\/span><\/span><\/strong><\/span><\/p>\n<div><span style=\"color: #ff0000; font-size: 12pt;\"><span style=\"color: #ff00ff;\"><span style=\"color: #000000;\"><span style=\"font-size: 12pt; color: #ff6600;\">Koordynator Andrzej telefon 662 541 679 b\u0119dzie wysy\u0142a\u0142 informacje o miejscu, godzinie i trasie. owej.<\/span><a href=\"http:\/\/sksruchizdrowie.pl\/wp-content\/uploads\/2017\/01\/P5243071-nad-Wilanowk\u0105-rowery3.jpg\"><img loading=\"lazy\" decoding=\"async\" class=\"wp-image-3145 aligncenter\" src=\"http:\/\/sksruchizdrowie.pl\/wp-content\/uploads\/2017\/01\/P5243071-nad-Wilanowk\u0105-rowery3.jpg\" alt=\"OLYMPUS DIGITAL CAMERA\" width=\"413\" height=\"310\" srcset=\"http:\/\/sksruchizdrowie.pl\/wp-content\/uploads\/2017\/01\/P5243071-nad-Wilanowk\u0105-rowery3.jpg 600w, http:\/\/sksruchizdrowie.pl\/wp-content\/uploads\/2017\/01\/P5243071-nad-Wilanowk\u0105-rowery3-300x225.jpg 300w\" sizes=\"auto, (max-width: 413px) 100vw, 413px\" \/><\/a><span style=\"color: #ff00ff;\"><em><strong>\u00a0\u00a0\u00a0\u00a0\u00a0\u00a0\u00a0 <\/strong><\/em><\/span><\/span><\/span><\/span><\/div>\n<p><span style=\"font-size: 24pt;\"><strong><span style=\"color: #ff0000;\"><span style=\"color: #339966; font-size: 18pt;\"><b><span style=\"font-size: large;\"><span style=\"text-decoration: underline;\"><span style=\"font-size: 18pt;\">Kr\u0119gle w Arenie w poniedzia\u0142ki raz w miesi\u0105cu<br \/>\n<\/span><\/span><\/span><\/b><\/span><\/span><\/strong><\/span><\/p>\n<\/address>\n<address>Po og\u0142oszeniu rezerwacji tor\u00f3w przez Bo\u017cenk\u0119 spotykamy si\u0119 w Arenie Ursyn\u00f3w-Imielin, aby po\u0107wiczy\u0107 celno\u015b\u0107 i si\u0142\u0119 w mi\u0142ym towarzystwie i przy dobrej zabawie. <a href=\"http:\/\/sksruchizdrowie.pl\/wp-content\/uploads\/2017\/01\/2018-03-12-kregle-3.jpg\"><img loading=\"lazy\" decoding=\"async\" class=\"size-full wp-image-2872 aligncenter\" src=\"http:\/\/sksruchizdrowie.pl\/wp-content\/uploads\/2017\/01\/2018-03-12-kregle-3.jpg\" alt=\"2018-03-12 kregle (3)\" width=\"448\" height=\"283\" srcset=\"http:\/\/sksruchizdrowie.pl\/wp-content\/uploads\/2017\/01\/2018-03-12-kregle-3.jpg 448w, http:\/\/sksruchizdrowie.pl\/wp-content\/uploads\/2017\/01\/2018-03-12-kregle-3-300x189.jpg 300w\" sizes=\"auto, (max-width: 448px) 100vw, 448px\" \/><\/a><\/address>\n<address><span style=\"font-size: 24pt;\"><strong><span style=\"color: #ff0000;\"><span style=\"color: #339966; font-size: 18pt;\"><b><span style=\"font-size: large;\"><span style=\"text-decoration: underline;\"><span style=\"font-size: 18pt;\">Gimnastyka w basenie w cyklach co 2 mies. \u00a0 90z\u0142\u00a0 <\/span><\/span><\/span><\/b><\/span><\/span><\/strong><\/span><\/address>\n<address>Zapisy na \u0107wiczenia w wodzie z instruktorem, na Basenie SGGW\u00a0 og\u0142aszane s\u0105 w informacjach na pocz\u0105tku tej strony.<a href=\"http:\/\/sksruchizdrowie.pl\/wp-content\/uploads\/2017\/01\/2018-06-01-gimnastyka-z-Magda-K.jpg\"><img loading=\"lazy\" decoding=\"async\" class=\"wp-image-3054 alignleft\" src=\"http:\/\/sksruchizdrowie.pl\/wp-content\/uploads\/2017\/01\/2018-06-01-gimnastyka-z-Magda-K.jpg\" alt=\"2018-06-01 gimnastyka z Magda K\" width=\"242\" height=\"136\" srcset=\"http:\/\/sksruchizdrowie.pl\/wp-content\/uploads\/2017\/01\/2018-06-01-gimnastyka-z-Magda-K.jpg 816w, http:\/\/sksruchizdrowie.pl\/wp-content\/uploads\/2017\/01\/2018-06-01-gimnastyka-z-Magda-K-300x168.jpg 300w\" sizes=\"auto, (max-width: 242px) 100vw, 242px\" \/><\/a> <a href=\"http:\/\/sksruchizdrowie.pl\/wp-content\/uploads\/2017\/01\/cwiczenia-z-makaronem.jpg\"><img loading=\"lazy\" decoding=\"async\" class=\"wp-image-3055 alignleft\" src=\"http:\/\/sksruchizdrowie.pl\/wp-content\/uploads\/2017\/01\/cwiczenia-z-makaronem.jpg\" alt=\"cwiczenia z makaronem\" width=\"242\" height=\"136\" srcset=\"http:\/\/sksruchizdrowie.pl\/wp-content\/uploads\/2017\/01\/cwiczenia-z-makaronem.jpg 1024w, http:\/\/sksruchizdrowie.pl\/wp-content\/uploads\/2017\/01\/cwiczenia-z-makaronem-300x168.jpg 300w\" sizes=\"auto, (max-width: 242px) 100vw, 242px\" \/><\/a> <a href=\"http:\/\/sksruchizdrowie.pl\/wp-content\/uploads\/2017\/01\/cwiczenia-z-obciaznikami.jpg\"><img loading=\"lazy\" decoding=\"async\" class=\"alignnone  wp-image-3056\" src=\"http:\/\/sksruchizdrowie.pl\/wp-content\/uploads\/2017\/01\/cwiczenia-z-obciaznikami.jpg\" alt=\"cwiczenia z obciaznikami\" width=\"241\" height=\"136\" srcset=\"http:\/\/sksruchizdrowie.pl\/wp-content\/uploads\/2017\/01\/cwiczenia-z-obciaznikami.jpg 816w, http:\/\/sksruchizdrowie.pl\/wp-content\/uploads\/2017\/01\/cwiczenia-z-obciaznikami-300x168.jpg 300w\" sizes=\"auto, (max-width: 241px) 100vw, 241px\" \/><\/a> <a href=\"http:\/\/sksruchizdrowie.pl\/wp-content\/uploads\/2017\/01\/dyski.jpg\"><img loading=\"lazy\" decoding=\"async\" class=\"alignnone  wp-image-3057\" src=\"http:\/\/sksruchizdrowie.pl\/wp-content\/uploads\/2017\/01\/dyski.jpg\" alt=\"dyski\" width=\"275\" height=\"337\" srcset=\"http:\/\/sksruchizdrowie.pl\/wp-content\/uploads\/2017\/01\/dyski.jpg 374w, http:\/\/sksruchizdrowie.pl\/wp-content\/uploads\/2017\/01\/dyski-244x300.jpg 244w\" sizes=\"auto, (max-width: 275px) 100vw, 275px\" \/><\/a> <a href=\"http:\/\/sksruchizdrowie.pl\/wp-content\/uploads\/2017\/01\/sklony-w-lewo.jpg\"><img loading=\"lazy\" decoding=\"async\" class=\"alignnone  wp-image-3058\" src=\"http:\/\/sksruchizdrowie.pl\/wp-content\/uploads\/2017\/01\/sklony-w-lewo.jpg\" alt=\"sklony w lewo\" width=\"265\" height=\"334\" srcset=\"http:\/\/sksruchizdrowie.pl\/wp-content\/uploads\/2017\/01\/sklony-w-lewo.jpg 459w, http:\/\/sksruchizdrowie.pl\/wp-content\/uploads\/2017\/01\/sklony-w-lewo-238x300.jpg 238w\" sizes=\"auto, (max-width: 265px) 100vw, 265px\" \/><\/a><\/address>\n<address>\u00a0<\/address>\n<address><span style=\"color: #339966; font-size: 18pt;\"><b><span style=\"font-size: large;\"><span style=\"text-decoration: underline;\"><span style=\"font-size: 18pt;\">Gimnastyka 01-07-2018 do 31-12-2018 \u00a0 80z\u0142\u00a0 <\/span><\/span><br \/>\n<\/span><\/b><\/span><\/address>\n<address><a href=\"http:\/\/sksruchizdrowie.pl\/wp-content\/uploads\/2017\/01\/2018-03-13-gimnastyka-1.jpg\"><img loading=\"lazy\" decoding=\"async\" class=\"wp-image-2876 alignleft\" src=\"http:\/\/sksruchizdrowie.pl\/wp-content\/uploads\/2017\/01\/2018-03-13-gimnastyka-1.jpg\" alt=\"2018-03-13 gimnastyka (1)\" width=\"377\" height=\"212\" srcset=\"http:\/\/sksruchizdrowie.pl\/wp-content\/uploads\/2017\/01\/2018-03-13-gimnastyka-1.jpg 448w, http:\/\/sksruchizdrowie.pl\/wp-content\/uploads\/2017\/01\/2018-03-13-gimnastyka-1-300x168.jpg 300w\" sizes=\"auto, (max-width: 377px) 100vw, 377px\" \/><\/a> <a href=\"http:\/\/sksruchizdrowie.pl\/wp-content\/uploads\/2017\/01\/2018-03-13-gimnastyka-2.jpg\"><img loading=\"lazy\" decoding=\"async\" class=\"wp-image-2877 alignleft\" src=\"http:\/\/sksruchizdrowie.pl\/wp-content\/uploads\/2017\/01\/2018-03-13-gimnastyka-2.jpg\" alt=\"2018-03-13 gimnastyka (2)\" width=\"331\" height=\"212\" srcset=\"http:\/\/sksruchizdrowie.pl\/wp-content\/uploads\/2017\/01\/2018-03-13-gimnastyka-2.jpg 448w, http:\/\/sksruchizdrowie.pl\/wp-content\/uploads\/2017\/01\/2018-03-13-gimnastyka-2-300x191.jpg 300w\" sizes=\"auto, (max-width: 331px) 100vw, 331px\" \/><\/a> <a href=\"http:\/\/sksruchizdrowie.pl\/wp-content\/uploads\/2017\/01\/2018-05-10-zumba.jpeg\"><img loading=\"lazy\" decoding=\"async\" class=\"alignnone  wp-image-3034\" src=\"http:\/\/sksruchizdrowie.pl\/wp-content\/uploads\/2017\/01\/2018-05-10-zumba.jpeg\" alt=\"2018-05-10 zumba\" width=\"831\" height=\"443\" srcset=\"http:\/\/sksruchizdrowie.pl\/wp-content\/uploads\/2017\/01\/2018-05-10-zumba.jpeg 1024w, http:\/\/sksruchizdrowie.pl\/wp-content\/uploads\/2017\/01\/2018-05-10-zumba-300x159.jpeg 300w\" sizes=\"auto, (max-width: 831px) 100vw, 831px\" \/><\/a><\/address>\n<\/address>\n<address><span style=\"color: #339966; font-size: 18pt;\"><strong>\u00a0<em>\u00a0IV. Rajdy.<\/em><\/strong><\/span><\/address>\n<address>\n<ol>\n<li><span style=\"color: #33cccc; font-size: 14pt;\"><strong> Powitanie wiosny<\/strong> <strong>\u00a021.03.2018 <\/strong>\u00a0(\u015broda).<\/span><\/li>\n<\/ol>\n<\/address>\n<address>\u00a0\u00a0\u00a0\u00a0\u00a0\u00a0\u00a0\u00a0\u00a0\u00a0\u00a0\u00a0 Spotykamy si\u0119 o godz. 9:30 przy wyj\u015bciu z Metra Kabaty po stronie TESCO<\/address>\n<address>\u00a0\u00a0\u00a0\u00a0\u00a0\u00a0\u00a0\u00a0\u00a0\u00a0\u00a0\u00a0 Na polance ogniskowej w Powsinie b\u0119dzie\u00a0 pieczenie kie\u0142basek, gry,<\/address>\n<address>\u00a0\u00a0\u00a0\u00a0\u00a0\u00a0\u00a0\u00a0\u00a0\u00a0\u00a0\u00a0 zabawy, \u015bpiewy, palenie Marzanny i inne atrakcje.<\/address>\n<address>\n<ol start=\"2\">\n<li><span style=\"color: #33cccc; font-size: 14pt;\"><strong> Po\u017cegnanie lata <\/strong><strong>\u00a022.09.2018<\/strong>\u00a0 (sobota).<\/span><\/li>\n<\/ol>\n<\/address>\n<address>\u00a0\u00a0\u00a0\u00a0\u00a0\u00a0\u00a0\u00a0\u00a0\u00a0\u00a0\u00a0\u00a0\u00a0\u00a0\u00a0\u00a0\u00a0\u00a0\u00a0\u00a0\u00a0\u00a0\u00a0 Spotykamy si\u0119 o godz.10.00 przy stacji PKP Piaseczno (dojazd autobusem 709<\/address>\n<address>\u00a0\u00a0\u00a0\u00a0\u00a0\u00a0\u00a0\u00a0\u00a0\u00a0\u00a0\u00a0\u00a0\u00a0\u00a0\u00a0\u00a0\u00a0\u00a0\u00a0\u00a0\u00a0\u00a0\u00a0 z p\u0119tli Metro Wilanowska) i razem idziemy do G\u00f3rek Szymona. Tam b\u0119dzie ognisko<\/address>\n<address>\u00a0\u00a0\u00a0\u00a0\u00a0\u00a0\u00a0\u00a0\u00a0\u00a0\u00a0\u00a0\u00a0\u00a0\u00a0\u00a0\u00a0\u00a0\u00a0\u00a0\u00a0\u00a0\u00a0\u00a0 z pieczeniem kie\u0142basek oraz gry i zabawy.<\/address>\n<p>&nbsp;<\/p>\n<p>&nbsp;<\/p>\n","protected":false},"excerpt":{"rendered":"<p>\u00a0\u00a0\u00a0\u00a0\u00a0 \u00a0\u00a0\u00a0Dzia\u0142alno\u015b\u0107 SKS w 2018 roku. I\u00a0\u00a0\u00a0 Wycieczki jednodniowe. W cenie wycieczek jednodniowych : transport, przewodnicy, bilety wst\u0119pu, PZU, obiad. Wyjazd z przystanku przy Multikinie (Metro Imielin). Kulig \u00a0\u00a0\u00a0\u00a0\u00a0\u00a0\u00a0\u00a0\u00a0\u00a0\u00a0\u00a0\u00a0\u00a0\u00a0\u00a0\u00a0\u00a0\u00a0\u00a0\u00a0\u00a0\u00a0\u00a0\u00a0\u00a0\u00a0\u00a0\u00a0\u00a0\u00a0\u00a0\u00a0\u00a0\u00a0\u00a0\u00a0\u00a0\u00a0\u00a0\u00a0\u00a0&#8211;\u00a0 30.01.2018\u00a0 (wtorek)\u00a0\u00a0\u00a0 \u00a0\u00a0\u00a0\u00a0\u00a0cena : 30 z\u0142. \u0141\u00f3d\u017a \u00a0\u00a0&#8211;\u00a0 22.02.2018\u00a0 (czwartek) \u00a0\u00a0\u00a0\u00a0cena : 60 z\u0142. Cz\u0119stochowa \u00a0\u00a0\u00a0\u00a0\u00a0\u00a0\u00a0\u00a0\u00a0\u00a0\u00a0\u00a0\u00a0\u00a0\u00a0\u00a0\u00a0\u00a0\u00a0\u00a0\u00a0\u00a0\u00a0\u00a0\u00a0\u00a0\u00a0\u00a0\u00a0&#8211;\u00a0 20.03.2018\u00a0 (wtorek)\u00a0\u00a0\u00a0 \u00a0\u00a0\u00a0\u00a0\u00a0cena : 60 z\u0142. Sierpc &#8211; \u00a011.04.2018\u00a0 (\u015broda)\u00a0\u00a0\u00a0\u00a0\u00a0 &#8230; <a title=\"Dzia\u0142alno\u015b\u0107 w roku 2018\" class=\"read-more\" href=\"http:\/\/sksruchizdrowie.pl\/?page_id=2761\" aria-label=\"More on Dzia\u0142alno\u015b\u0107 w roku 2018\">Czytaj dalej<\/a><\/p>\n","protected":false},"author":3,"featured_media":0,"parent":0,"menu_order":0,"comment_status":"closed","ping_status":"open","template":"","meta":{"footnotes":""},"class_list":["post-2761","page","type-page","status-publish"],"acf":[],"_links":{"self":[{"href":"http:\/\/sksruchizdrowie.pl\/index.php?rest_route=\/wp\/v2\/pages\/2761","targetHints":{"allow":["GET"]}}],"collection":[{"href":"http:\/\/sksruchizdrowie.pl\/index.php?rest_route=\/wp\/v2\/pages"}],"about":[{"href":"http:\/\/sksruchizdrowie.pl\/index.php?rest_route=\/wp\/v2\/types\/page"}],"author":[{"embeddable":true,"href":"http:\/\/sksruchizdrowie.pl\/index.php?rest_route=\/wp\/v2\/users\/3"}],"replies":[{"embeddable":true,"href":"http:\/\/sksruchizdrowie.pl\/index.php?rest_route=%2Fwp%2Fv2%2Fcomments&post=2761"}],"version-history":[{"count":6,"href":"http:\/\/sksruchizdrowie.pl\/index.php?rest_route=\/wp\/v2\/pages\/2761\/revisions"}],"predecessor-version":[{"id":3667,"href":"http:\/\/sksruchizdrowie.pl\/index.php?rest_route=\/wp\/v2\/pages\/2761\/revisions\/3667"}],"wp:attachment":[{"href":"http:\/\/sksruchizdrowie.pl\/index.php?rest_route=%2Fwp%2Fv2%2Fmedia&parent=2761"}],"curies":[{"name":"wp","href":"https:\/\/api.w.org\/{rel}","templated":true}]}}