{"id":33,"date":"2015-01-09T01:35:55","date_gmt":"2015-01-09T01:35:55","guid":{"rendered":"http:\/\/sksruchizdrowie.pl\/?page_id=33"},"modified":"2015-01-09T01:35:55","modified_gmt":"2015-01-09T01:35:55","slug":"dzialalnosc-w-roku-2014","status":"publish","type":"page","link":"http:\/\/sksruchizdrowie.pl\/?page_id=33","title":{"rendered":"Dzia\u0142alno\u015b\u0107 w roku 2014"},"content":{"rendered":"<p><strong>I. Wycieczki jednodniowe :<\/strong><\/p>\n<ol>\n<li>18.03.2014 &#8211; Kozienice, Pu\u0142awy<\/li>\n<li>2.04.2014 &#8211; Kostom\u0142oty, Jab\u0142eczna, Kode\u0144<\/li>\n<li>29.05.2014 &#8211; Szlak R\u0119kodzie\u0142a Ludowego i kolejka (Podlasie)<\/li>\n<li>6.06.2014 &#8211; Janowiec, Kazimierz Dolny<\/li>\n<li>18.08.2014 &#8211; \u0141owicz, Arkadia, Niebor\u00f3w<\/li>\n<li>25.09.2014 &#8211; Sandomierz<\/li>\n<li>15.10.2014 &#8211; Kalisz<\/li>\n<li>7.11.2014 &#8211; Lublin<\/li>\n<li>13.11.2014 &#8211; Termy w Uniejowie<\/li>\n<li>4.12.2014 &#8211; \u0141\u00f3d\u017a<\/li>\n<\/ol>\n<p><strong>Wycieczki 5, 6, 7, 8, 10 by\u0142y dotowane przez\u00a0 Urz\u0105d Dzielnicy Ursyn\u00f3w.<\/strong><\/p>\n<p><strong>II. Wycieczki dwudniowe :<\/strong><\/p>\n<ol>\n<li>8-9.02.2014 &#8211; Zabawa karnawa\u0142owa w Soczewce<\/li>\n<\/ol>\n<p><strong>III. Wycieczki wielodniowe :<\/strong><\/p>\n<ol>\n<li>4 \u2013 11.04.2014 &#8211; Zakopane<\/li>\n<li>16 \u2013 23.05.2014 &#8211; Dolny \u015al\u0105sk<\/li>\n<li>23 \u2013 28.06.2014 &#8211; Sp\u0142yw Kajakowy<\/li>\n<li>28.08 \u2013\u00a0 4.09.2014 &#8211; Ostrowo ko\u0142o Karwi<\/li>\n<li>12 \u2013 18.09.2014 &#8211; Suwalszczyzna<\/li>\n<li>26.09 \u2013 5.10.2014 &#8211; Bieszczady<\/li>\n<\/ol>\n<p><strong>IV. Rajdy :<\/strong><\/p>\n<ol>\n<li>marzec 2014 &#8211; Powitanie wiosny<\/li>\n<li>wrzesie\u0144 2014 &#8211; Po\u017cegnanie lata<\/li>\n<\/ol>\n<p><strong>V. Zaj\u0119cia ruchowe :<\/strong><\/p>\n<p>Kontynuowanie zaj\u0119\u0107 realizowanych w roku 2013:<\/p>\n<ol>\n<li>gimnastyki,<\/li>\n<li>p\u0142ywania rekreacyjnego,<\/li>\n<li>Nordic Walking,<\/li>\n<li>rajd\u00f3w.<\/li>\n<\/ol>\n","protected":false},"excerpt":{"rendered":"<p>I. Wycieczki jednodniowe : 18.03.2014 &#8211; Kozienice, Pu\u0142awy 2.04.2014 &#8211; Kostom\u0142oty, Jab\u0142eczna, Kode\u0144 29.05.2014 &#8211; Szlak R\u0119kodzie\u0142a Ludowego i kolejka (Podlasie) 6.06.2014 &#8211; Janowiec, Kazimierz Dolny 18.08.2014 &#8211; \u0141owicz, Arkadia, Niebor\u00f3w 25.09.2014 &#8211; Sandomierz 15.10.2014 &#8211; Kalisz 7.11.2014 &#8211; Lublin 13.11.2014 &#8211; Termy w Uniejowie 4.12.2014 &#8211; \u0141\u00f3d\u017a Wycieczki 5, 6, 7, 8, 10 by\u0142y &#8230; <a title=\"Dzia\u0142alno\u015b\u0107 w roku 2014\" class=\"read-more\" href=\"http:\/\/sksruchizdrowie.pl\/?page_id=33\" aria-label=\"More on Dzia\u0142alno\u015b\u0107 w roku 2014\">Czytaj dalej<\/a><\/p>\n","protected":false},"author":3,"featured_media":0,"parent":0,"menu_order":0,"comment_status":"closed","ping_status":"open","template":"","meta":{"footnotes":""},"class_list":["post-33","page","type-page","status-publish"],"acf":[],"_links":{"self":[{"href":"http:\/\/sksruchizdrowie.pl\/index.php?rest_route=\/wp\/v2\/pages\/33","targetHints":{"allow":["GET"]}}],"collection":[{"href":"http:\/\/sksruchizdrowie.pl\/index.php?rest_route=\/wp\/v2\/pages"}],"about":[{"href":"http:\/\/sksruchizdrowie.pl\/index.php?rest_route=\/wp\/v2\/types\/page"}],"author":[{"embeddable":true,"href":"http:\/\/sksruchizdrowie.pl\/index.php?rest_route=\/wp\/v2\/users\/3"}],"replies":[{"embeddable":true,"href":"http:\/\/sksruchizdrowie.pl\/index.php?rest_route=%2Fwp%2Fv2%2Fcomments&post=33"}],"version-history":[{"count":1,"href":"http:\/\/sksruchizdrowie.pl\/index.php?rest_route=\/wp\/v2\/pages\/33\/revisions"}],"predecessor-version":[{"id":34,"href":"http:\/\/sksruchizdrowie.pl\/index.php?rest_route=\/wp\/v2\/pages\/33\/revisions\/34"}],"wp:attachment":[{"href":"http:\/\/sksruchizdrowie.pl\/index.php?rest_route=%2Fwp%2Fv2%2Fmedia&parent=33"}],"curies":[{"name":"wp","href":"https:\/\/api.w.org\/{rel}","templated":true}]}}