{"id":9598,"date":"2024-10-19T21:57:21","date_gmt":"2024-10-19T21:57:21","guid":{"rendered":"http:\/\/sksruchizdrowie.pl\/?page_id=9598"},"modified":"2025-02-28T14:22:01","modified_gmt":"2025-02-28T14:22:01","slug":"co-robilismy-w-2023-roku","status":"publish","type":"page","link":"http:\/\/sksruchizdrowie.pl\/?page_id=9598","title":{"rendered":"Dzia\u0142alno\u015b\u0107 SKS w 2023 roku"},"content":{"rendered":"","protected":false},"excerpt":{"rendered":"","protected":false},"author":3,"featured_media":0,"parent":0,"menu_order":0,"comment_status":"closed","ping_status":"closed","template":"","meta":{"footnotes":""},"class_list":["post-9598","page","type-page","status-publish"],"acf":[],"_links":{"self":[{"href":"http:\/\/sksruchizdrowie.pl\/index.php?rest_route=\/wp\/v2\/pages\/9598","targetHints":{"allow":["GET"]}}],"collection":[{"href":"http:\/\/sksruchizdrowie.pl\/index.php?rest_route=\/wp\/v2\/pages"}],"about":[{"href":"http:\/\/sksruchizdrowie.pl\/index.php?rest_route=\/wp\/v2\/types\/page"}],"author":[{"embeddable":true,"href":"http:\/\/sksruchizdrowie.pl\/index.php?rest_route=\/wp\/v2\/users\/3"}],"replies":[{"embeddable":true,"href":"http:\/\/sksruchizdrowie.pl\/index.php?rest_route=%2Fwp%2Fv2%2Fcomments&post=9598"}],"version-history":[{"count":2,"href":"http:\/\/sksruchizdrowie.pl\/index.php?rest_route=\/wp\/v2\/pages\/9598\/revisions"}],"predecessor-version":[{"id":9927,"href":"http:\/\/sksruchizdrowie.pl\/index.php?rest_route=\/wp\/v2\/pages\/9598\/revisions\/9927"}],"wp:attachment":[{"href":"http:\/\/sksruchizdrowie.pl\/index.php?rest_route=%2Fwp%2Fv2%2Fmedia&parent=9598"}],"curies":[{"name":"wp","href":"https:\/\/api.w.org\/{rel}","templated":true}]}}