{"id":9911,"date":"2025-02-28T14:03:44","date_gmt":"2025-02-28T14:03:44","guid":{"rendered":"https:\/\/sksruchizdrowie.pl\/?page_id=9911"},"modified":"2025-04-17T14:52:24","modified_gmt":"2025-04-17T14:52:24","slug":"co-robilismy-w-2025-roku","status":"publish","type":"page","link":"http:\/\/sksruchizdrowie.pl\/?page_id=9911","title":{"rendered":"Co robili\u015bmy w 2025 roku"},"content":{"rendered":"\n<p>W tym karnawale Ewa z zapa\u0142em zaprasza\u0142a, a potem wsp\u00f3lnie z uczestnikami zabaw ta\u0144czy\u0142a na parkiecie DK Stok\u0142osy&nbsp;<b>18 stycznia<\/b>&nbsp;i&nbsp;<b>15 lutego.&nbsp;<\/b>Obieca\u0142a, \u017ce szale\u0144stwa taneczne jeszcze w tym roku powt\u00f3rzymy. My\u015bl\u0119, ze&nbsp;znowu b\u0119d\u0105 ch\u0119tni, tym bardziej, \u017ce na ostatnim posiedzeniu Zarz\u0105du ustalili\u015bmy wst\u0119p -15z\u0142 za te wspania\u0142e spotkania. &#8211; Asia<\/p>\n\n\n\n<figure class=\"wp-block-gallery has-nested-images columns-default is-cropped wp-block-gallery-1 is-layout-flex wp-block-gallery-is-layout-flex\">\n<figure class=\"wp-block-image size-large\"><a href=\"https:\/\/sksruchizdrowie.pl\/wp-content\/uploads\/2025\/03\/20250121_Danuta-Stankiewicz-w-Alternatywach-.jpg\"><img loading=\"lazy\" decoding=\"async\" width=\"838\" height=\"1024\" data-id=\"9941\" src=\"https:\/\/sksruchizdrowie.pl\/wp-content\/uploads\/2025\/03\/20250121_Danuta-Stankiewicz-w-Alternatywach--838x1024.jpg\" alt=\"\" class=\"wp-image-9941\" srcset=\"http:\/\/sksruchizdrowie.pl\/wp-content\/uploads\/2025\/03\/20250121_Danuta-Stankiewicz-w-Alternatywach--838x1024.jpg 838w, http:\/\/sksruchizdrowie.pl\/wp-content\/uploads\/2025\/03\/20250121_Danuta-Stankiewicz-w-Alternatywach--245x300.jpg 245w, http:\/\/sksruchizdrowie.pl\/wp-content\/uploads\/2025\/03\/20250121_Danuta-Stankiewicz-w-Alternatywach--768x939.jpg 768w, http:\/\/sksruchizdrowie.pl\/wp-content\/uploads\/2025\/03\/20250121_Danuta-Stankiewicz-w-Alternatywach-.jpg 1025w\" sizes=\"auto, (max-width: 838px) 100vw, 838px\" \/><\/a><\/figure>\n\n\n\n<figure class=\"wp-block-image size-large\"><a href=\"https:\/\/sksruchizdrowie.pl\/wp-content\/uploads\/2025\/03\/20250121_Alternatywy-scaled.jpg\"><img loading=\"lazy\" decoding=\"async\" width=\"1024\" height=\"768\" data-id=\"9944\" src=\"https:\/\/sksruchizdrowie.pl\/wp-content\/uploads\/2025\/03\/20250121_Alternatywy-1024x768.jpg\" alt=\"\" class=\"wp-image-9944\" srcset=\"http:\/\/sksruchizdrowie.pl\/wp-content\/uploads\/2025\/03\/20250121_Alternatywy-1024x768.jpg 1024w, http:\/\/sksruchizdrowie.pl\/wp-content\/uploads\/2025\/03\/20250121_Alternatywy-300x225.jpg 300w, http:\/\/sksruchizdrowie.pl\/wp-content\/uploads\/2025\/03\/20250121_Alternatywy-768x576.jpg 768w, http:\/\/sksruchizdrowie.pl\/wp-content\/uploads\/2025\/03\/20250121_Alternatywy-1536x1152.jpg 1536w, http:\/\/sksruchizdrowie.pl\/wp-content\/uploads\/2025\/03\/20250121_Alternatywy-2048x1536.jpg 2048w\" sizes=\"auto, (max-width: 1024px) 100vw, 1024px\" \/><\/a><\/figure>\n\n\n\n<figure class=\"wp-block-image size-large\"><a href=\"https:\/\/sksruchizdrowie.pl\/wp-content\/uploads\/2025\/03\/20250118-karnawalowa-zabawa-2.jpg\"><img loading=\"lazy\" decoding=\"async\" width=\"768\" height=\"1024\" data-id=\"9940\" src=\"https:\/\/sksruchizdrowie.pl\/wp-content\/uploads\/2025\/03\/20250118-karnawalowa-zabawa-2-768x1024.jpg\" alt=\"\" class=\"wp-image-9940\" srcset=\"http:\/\/sksruchizdrowie.pl\/wp-content\/uploads\/2025\/03\/20250118-karnawalowa-zabawa-2-768x1024.jpg 768w, http:\/\/sksruchizdrowie.pl\/wp-content\/uploads\/2025\/03\/20250118-karnawalowa-zabawa-2-225x300.jpg 225w, http:\/\/sksruchizdrowie.pl\/wp-content\/uploads\/2025\/03\/20250118-karnawalowa-zabawa-2-1152x1536.jpg 1152w, http:\/\/sksruchizdrowie.pl\/wp-content\/uploads\/2025\/03\/20250118-karnawalowa-zabawa-2.jpg 1200w\" sizes=\"auto, (max-width: 768px) 100vw, 768px\" \/><\/a><\/figure>\n\n\n\n<figure class=\"wp-block-image size-large\"><a href=\"https:\/\/sksruchizdrowie.pl\/wp-content\/uploads\/2025\/03\/20250118-karnawalowa-zabawa-1.jpg\"><img loading=\"lazy\" decoding=\"async\" width=\"768\" height=\"1024\" data-id=\"9942\" src=\"https:\/\/sksruchizdrowie.pl\/wp-content\/uploads\/2025\/03\/20250118-karnawalowa-zabawa-1-768x1024.jpg\" alt=\"\" class=\"wp-image-9942\" srcset=\"http:\/\/sksruchizdrowie.pl\/wp-content\/uploads\/2025\/03\/20250118-karnawalowa-zabawa-1-768x1024.jpg 768w, http:\/\/sksruchizdrowie.pl\/wp-content\/uploads\/2025\/03\/20250118-karnawalowa-zabawa-1-225x300.jpg 225w, http:\/\/sksruchizdrowie.pl\/wp-content\/uploads\/2025\/03\/20250118-karnawalowa-zabawa-1-1152x1536.jpg 1152w, http:\/\/sksruchizdrowie.pl\/wp-content\/uploads\/2025\/03\/20250118-karnawalowa-zabawa-1.jpg 1200w\" sizes=\"auto, (max-width: 768px) 100vw, 768px\" \/><\/a><\/figure>\n\n\n\n<figure class=\"wp-block-image size-large\"><a href=\"https:\/\/sksruchizdrowie.pl\/wp-content\/uploads\/2025\/03\/20250118-karnawalowa-zabawa-3.jpg\"><img loading=\"lazy\" decoding=\"async\" width=\"461\" height=\"1024\" data-id=\"9939\" src=\"https:\/\/sksruchizdrowie.pl\/wp-content\/uploads\/2025\/03\/20250118-karnawalowa-zabawa-3-461x1024.jpg\" alt=\"\" class=\"wp-image-9939\" srcset=\"http:\/\/sksruchizdrowie.pl\/wp-content\/uploads\/2025\/03\/20250118-karnawalowa-zabawa-3-461x1024.jpg 461w, http:\/\/sksruchizdrowie.pl\/wp-content\/uploads\/2025\/03\/20250118-karnawalowa-zabawa-3-135x300.jpg 135w, http:\/\/sksruchizdrowie.pl\/wp-content\/uploads\/2025\/03\/20250118-karnawalowa-zabawa-3-692x1536.jpg 692w, http:\/\/sksruchizdrowie.pl\/wp-content\/uploads\/2025\/03\/20250118-karnawalowa-zabawa-3.jpg 721w\" sizes=\"auto, (max-width: 461px) 100vw, 461px\" \/><\/a><\/figure>\n\n\n\n<figure class=\"wp-block-image size-large\"><a href=\"https:\/\/sksruchizdrowie.pl\/wp-content\/uploads\/2025\/03\/20250118-karnawalowa-zabawa-4.jpg\"><img loading=\"lazy\" decoding=\"async\" width=\"768\" height=\"1024\" data-id=\"9943\" src=\"https:\/\/sksruchizdrowie.pl\/wp-content\/uploads\/2025\/03\/20250118-karnawalowa-zabawa-4-768x1024.jpg\" alt=\"\" class=\"wp-image-9943\" srcset=\"http:\/\/sksruchizdrowie.pl\/wp-content\/uploads\/2025\/03\/20250118-karnawalowa-zabawa-4-768x1024.jpg 768w, http:\/\/sksruchizdrowie.pl\/wp-content\/uploads\/2025\/03\/20250118-karnawalowa-zabawa-4-225x300.jpg 225w, http:\/\/sksruchizdrowie.pl\/wp-content\/uploads\/2025\/03\/20250118-karnawalowa-zabawa-4-1152x1536.jpg 1152w, http:\/\/sksruchizdrowie.pl\/wp-content\/uploads\/2025\/03\/20250118-karnawalowa-zabawa-4.jpg 1200w\" sizes=\"auto, (max-width: 768px) 100vw, 768px\" \/><\/a><\/figure>\n<\/figure>\n\n\n<div class=\"wp-block-image\">\n<figure class=\"aligncenter size-large is-resized\"><a href=\"https:\/\/sksruchizdrowie.pl\/wp-content\/uploads\/2025\/03\/pozegnanie-1.jpeg\"><img loading=\"lazy\" decoding=\"async\" width=\"1024\" height=\"632\" src=\"https:\/\/sksruchizdrowie.pl\/wp-content\/uploads\/2025\/03\/pozegnanie-1-1024x632.jpeg\" alt=\"\" class=\"wp-image-9956\" style=\"width:423px;height:auto\" srcset=\"http:\/\/sksruchizdrowie.pl\/wp-content\/uploads\/2025\/03\/pozegnanie-1-1024x632.jpeg 1024w, http:\/\/sksruchizdrowie.pl\/wp-content\/uploads\/2025\/03\/pozegnanie-1-300x185.jpeg 300w, http:\/\/sksruchizdrowie.pl\/wp-content\/uploads\/2025\/03\/pozegnanie-1-768x474.jpeg 768w, http:\/\/sksruchizdrowie.pl\/wp-content\/uploads\/2025\/03\/pozegnanie-1.jpeg 1054w\" sizes=\"auto, (max-width: 1024px) 100vw, 1024px\" \/><\/a><\/figure><\/div>\n\n\n<h3>30 stycznia po\u017cegnali\u015bmy&nbsp; <strong>Paw\u0142a Latoszka<\/strong>, kt\u00f3ry by\u0142 z nami od samego pocz\u0105tku SKS.<\/h3>\n\n\n<div class=\"wp-block-image\">\n<figure class=\"aligncenter size-large is-resized\"><a href=\"https:\/\/sksruchizdrowie.pl\/wp-content\/uploads\/2025\/03\/Pawel-Latoszek-nekrolog.jpg\"><img loading=\"lazy\" decoding=\"async\" width=\"900\" height=\"1024\" src=\"https:\/\/sksruchizdrowie.pl\/wp-content\/uploads\/2025\/03\/Pawel-Latoszek-nekrolog-900x1024.jpg\" alt=\"\" class=\"wp-image-9947\" style=\"width:324px;height:auto\" srcset=\"http:\/\/sksruchizdrowie.pl\/wp-content\/uploads\/2025\/03\/Pawel-Latoszek-nekrolog-900x1024.jpg 900w, http:\/\/sksruchizdrowie.pl\/wp-content\/uploads\/2025\/03\/Pawel-Latoszek-nekrolog-264x300.jpg 264w, http:\/\/sksruchizdrowie.pl\/wp-content\/uploads\/2025\/03\/Pawel-Latoszek-nekrolog-768x874.jpg 768w, http:\/\/sksruchizdrowie.pl\/wp-content\/uploads\/2025\/03\/Pawel-Latoszek-nekrolog-1349x1536.jpg 1349w, http:\/\/sksruchizdrowie.pl\/wp-content\/uploads\/2025\/03\/Pawel-Latoszek-nekrolog.jpg 1539w\" sizes=\"auto, (max-width: 900px) 100vw, 900px\" \/><\/a><\/figure><\/div>\n\n\n<figure class=\"wp-block-gallery has-nested-images columns-default is-cropped wp-block-gallery-2 is-layout-flex wp-block-gallery-is-layout-flex\">\n<figure class=\"wp-block-image size-large\"><a href=\"https:\/\/sksruchizdrowie.pl\/wp-content\/uploads\/2025\/04\/20250130_Pozegnanie-Pawlam-Sw.-Katarzyna.jpeg\"><img loading=\"lazy\" decoding=\"async\" width=\"817\" height=\"872\" data-id=\"9995\" src=\"https:\/\/sksruchizdrowie.pl\/wp-content\/uploads\/2025\/04\/20250130_Pozegnanie-Pawlam-Sw.-Katarzyna.jpeg\" alt=\"\" class=\"wp-image-9995\" srcset=\"http:\/\/sksruchizdrowie.pl\/wp-content\/uploads\/2025\/04\/20250130_Pozegnanie-Pawlam-Sw.-Katarzyna.jpeg 817w, http:\/\/sksruchizdrowie.pl\/wp-content\/uploads\/2025\/04\/20250130_Pozegnanie-Pawlam-Sw.-Katarzyna-281x300.jpeg 281w, http:\/\/sksruchizdrowie.pl\/wp-content\/uploads\/2025\/04\/20250130_Pozegnanie-Pawlam-Sw.-Katarzyna-768x820.jpeg 768w\" sizes=\"auto, (max-width: 817px) 100vw, 817px\" \/><\/a><\/figure>\n\n\n\n<figure data-wp-context=\"{&quot;imageId&quot;:&quot;69f9b47a7baa5&quot;}\" data-wp-interactive=\"core\/image\" class=\"wp-block-image size-large is-resized wp-lightbox-container\"><img loading=\"lazy\" decoding=\"async\" width=\"655\" height=\"1024\" data-wp-class--hide=\"state.isContentHidden\" data-wp-class--show=\"state.isContentVisible\" data-wp-init=\"callbacks.setButtonStyles\" data-wp-on-async--click=\"actions.showLightbox\" data-wp-on-async--load=\"callbacks.setButtonStyles\" data-wp-on-async-window--resize=\"callbacks.setButtonStyles\" data-id=\"9998\" src=\"https:\/\/sksruchizdrowie.pl\/wp-content\/uploads\/2025\/04\/20250130-Pawel-Latoszek-655x1024.jpg\" alt=\"\" class=\"wp-image-9998\" style=\"width:139px;height:auto\" srcset=\"http:\/\/sksruchizdrowie.pl\/wp-content\/uploads\/2025\/04\/20250130-Pawel-Latoszek-655x1024.jpg 655w, http:\/\/sksruchizdrowie.pl\/wp-content\/uploads\/2025\/04\/20250130-Pawel-Latoszek-192x300.jpg 192w, http:\/\/sksruchizdrowie.pl\/wp-content\/uploads\/2025\/04\/20250130-Pawel-Latoszek.jpg 656w\" sizes=\"auto, (max-width: 655px) 100vw, 655px\" \/><button\n\t\t\tclass=\"lightbox-trigger\"\n\t\t\ttype=\"button\"\n\t\t\taria-haspopup=\"dialog\"\n\t\t\taria-label=\"Powi\u0119ksz\"\n\t\t\tdata-wp-init=\"callbacks.initTriggerButton\"\n\t\t\tdata-wp-on-async--click=\"actions.showLightbox\"\n\t\t\tdata-wp-style--right=\"state.imageButtonRight\"\n\t\t\tdata-wp-style--top=\"state.imageButtonTop\"\n\t\t>\n\t\t\t<svg xmlns=\"http:\/\/www.w3.org\/2000\/svg\" width=\"12\" height=\"12\" fill=\"none\" viewBox=\"0 0 12 12\">\n\t\t\t\t<path fill=\"#fff\" d=\"M2 0a2 2 0 0 0-2 2v2h1.5V2a.5.5 0 0 1 .5-.5h2V0H2Zm2 10.5H2a.5.5 0 0 1-.5-.5V8H0v2a2 2 0 0 0 2 2h2v-1.5ZM8 12v-1.5h2a.5.5 0 0 0 .5-.5V8H12v2a2 2 0 0 1-2 2H8Zm2-12a2 2 0 0 1 2 2v2h-1.5V2a.5.5 0 0 0-.5-.5H8V0h2Z\" \/>\n\t\t\t<\/svg>\n\t\t<\/button><\/figure>\n<\/figure>\n\n\n\n<p>&nbsp;<\/p>\n<p>&nbsp;11 lutego Jadwiga R. w imieniu wszystkich kole\u017canek i koleg\u00f3w z SKS po\u017cegna\u0142a Henia Mielnickiego. Kr\u00f3tko by\u0142 naszym cz\u0142onkiem, ale poznali\u015bmy go na wyjazdach i spotkaniach z nami.<\/p>\n\n\n<div class=\"wp-block-image\">\n<figure class=\"aligncenter size-full is-resized\"><a href=\"https:\/\/sksruchizdrowie.pl\/wp-content\/uploads\/2025\/03\/Henio-Lopatka-nekrolog.jpeg\"><img loading=\"lazy\" decoding=\"async\" width=\"827\" height=\"613\" src=\"https:\/\/sksruchizdrowie.pl\/wp-content\/uploads\/2025\/03\/Henio-Lopatka-nekrolog.jpeg\" alt=\"\" class=\"wp-image-9952\" style=\"width:341px;height:auto\" srcset=\"http:\/\/sksruchizdrowie.pl\/wp-content\/uploads\/2025\/03\/Henio-Lopatka-nekrolog.jpeg 827w, http:\/\/sksruchizdrowie.pl\/wp-content\/uploads\/2025\/03\/Henio-Lopatka-nekrolog-300x222.jpeg 300w, http:\/\/sksruchizdrowie.pl\/wp-content\/uploads\/2025\/03\/Henio-Lopatka-nekrolog-768x569.jpeg 768w\" sizes=\"auto, (max-width: 827px) 100vw, 827px\" \/><\/a><\/figure><\/div>\n\n\n\n\n<figure class=\"wp-block-gallery has-nested-images columns-default is-cropped wp-block-gallery-3 is-layout-flex wp-block-gallery-is-layout-flex\"><div class=\"wp-block-image\">\n<figure class=\"aligncenter size-medium\"><a href=\"https:\/\/sksruchizdrowie.pl\/wp-content\/uploads\/2025\/03\/Henio-Mielnicki.jpeg\"><img loading=\"lazy\" decoding=\"async\" width=\"278\" height=\"300\" data-id=\"9953\" src=\"https:\/\/sksruchizdrowie.pl\/wp-content\/uploads\/2025\/03\/Henio-Mielnicki-278x300.jpeg\" alt=\"\" class=\"wp-image-9953\" srcset=\"http:\/\/sksruchizdrowie.pl\/wp-content\/uploads\/2025\/03\/Henio-Mielnicki-278x300.jpeg 278w, http:\/\/sksruchizdrowie.pl\/wp-content\/uploads\/2025\/03\/Henio-Mielnicki-950x1024.jpeg 950w, http:\/\/sksruchizdrowie.pl\/wp-content\/uploads\/2025\/03\/Henio-Mielnicki-768x827.jpeg 768w, http:\/\/sksruchizdrowie.pl\/wp-content\/uploads\/2025\/03\/Henio-Mielnicki.jpeg 1331w\" sizes=\"auto, (max-width: 278px) 100vw, 278px\" \/><\/a><\/figure><\/div><\/figure>\n\n\n\n\n<div class=\"wp-block-image\">\n<figure class=\"aligncenter size-large is-resized\"><a href=\"https:\/\/sksruchizdrowie.pl\/wp-content\/uploads\/2025\/03\/2025-02-11-pozednaniwe-Henia.jpeg\"><img loading=\"lazy\" decoding=\"async\" width=\"1024\" height=\"824\" src=\"https:\/\/sksruchizdrowie.pl\/wp-content\/uploads\/2025\/03\/2025-02-11-pozednaniwe-Henia-1024x824.jpeg\" alt=\"\" class=\"wp-image-9954\" style=\"width:436px;height:auto\" srcset=\"http:\/\/sksruchizdrowie.pl\/wp-content\/uploads\/2025\/03\/2025-02-11-pozednaniwe-Henia-1024x824.jpeg 1024w, http:\/\/sksruchizdrowie.pl\/wp-content\/uploads\/2025\/03\/2025-02-11-pozednaniwe-Henia-300x241.jpeg 300w, http:\/\/sksruchizdrowie.pl\/wp-content\/uploads\/2025\/03\/2025-02-11-pozednaniwe-Henia-768x618.jpeg 768w, http:\/\/sksruchizdrowie.pl\/wp-content\/uploads\/2025\/03\/2025-02-11-pozednaniwe-Henia.jpeg 1370w\" sizes=\"auto, (max-width: 1024px) 100vw, 1024px\" \/><\/a><\/figure><\/div>\n\n\n\n\n<figure class=\"wp-block-gallery has-nested-images columns-default is-cropped wp-block-gallery-4 is-layout-flex wp-block-gallery-is-layout-flex\"><\/figure>\n\n\n\n\n","protected":false},"excerpt":{"rendered":"<p>W tym karnawale Ewa z zapa\u0142em zaprasza\u0142a, a potem wsp\u00f3lnie z uczestnikami zabaw ta\u0144czy\u0142a na parkiecie DK Stok\u0142osy&nbsp;18 stycznia&nbsp;i&nbsp;15 lutego.&nbsp;Obieca\u0142a, \u017ce szale\u0144stwa taneczne jeszcze w tym roku powt\u00f3rzymy. My\u015bl\u0119, ze&nbsp;znowu b\u0119d\u0105 ch\u0119tni, tym bardziej, \u017ce na ostatnim posiedzeniu Zarz\u0105du ustalili\u015bmy wst\u0119p -15z\u0142 za te wspania\u0142e spotkania. &#8211; Asia 30 stycznia po\u017cegnali\u015bmy&nbsp; Paw\u0142a Latoszka, kt\u00f3ry by\u0142 &#8230; <a title=\"Co robili\u015bmy w 2025 roku\" class=\"read-more\" href=\"http:\/\/sksruchizdrowie.pl\/?page_id=9911\" aria-label=\"More on Co robili\u015bmy w 2025 roku\">Czytaj dalej<\/a><\/p>\n","protected":false},"author":3,"featured_media":0,"parent":0,"menu_order":0,"comment_status":"closed","ping_status":"closed","template":"","meta":{"footnotes":""},"class_list":["post-9911","page","type-page","status-publish"],"acf":[],"_links":{"self":[{"href":"http:\/\/sksruchizdrowie.pl\/index.php?rest_route=\/wp\/v2\/pages\/9911","targetHints":{"allow":["GET"]}}],"collection":[{"href":"http:\/\/sksruchizdrowie.pl\/index.php?rest_route=\/wp\/v2\/pages"}],"about":[{"href":"http:\/\/sksruchizdrowie.pl\/index.php?rest_route=\/wp\/v2\/types\/page"}],"author":[{"embeddable":true,"href":"http:\/\/sksruchizdrowie.pl\/index.php?rest_route=\/wp\/v2\/users\/3"}],"replies":[{"embeddable":true,"href":"http:\/\/sksruchizdrowie.pl\/index.php?rest_route=%2Fwp%2Fv2%2Fcomments&post=9911"}],"version-history":[{"count":18,"href":"http:\/\/sksruchizdrowie.pl\/index.php?rest_route=\/wp\/v2\/pages\/9911\/revisions"}],"predecessor-version":[{"id":10010,"href":"http:\/\/sksruchizdrowie.pl\/index.php?rest_route=\/wp\/v2\/pages\/9911\/revisions\/10010"}],"wp:attachment":[{"href":"http:\/\/sksruchizdrowie.pl\/index.php?rest_route=%2Fwp%2Fv2%2Fmedia&parent=9911"}],"curies":[{"name":"wp","href":"https:\/\/api.w.org\/{rel}","templated":true}]}}